{"id":717,"date":"2025-03-09T08:47:27","date_gmt":"2025-03-09T12:47:27","guid":{"rendered":"https:\/\/alphawax.ca\/alphawax-auto-2\/"},"modified":"2025-03-10T14:47:55","modified_gmt":"2025-03-10T18:47:55","slug":"alphawax-auto-2","status":"publish","type":"page","link":"https:\/\/alphawax.ca\/fr\/alphawax-auto-2\/","title":{"rendered":"ALPHAWAX AUTO"},"content":{"rendered":"<p>[et_pb_section fb_built=\u00a0\u00bb1&Prime; _builder_version=\u00a0\u00bb4.27.4&Prime; _module_preset=\u00a0\u00bbdefault\u00a0\u00bb global_colors_info=\u00a0\u00bb{}\u00a0\u00bb][et_pb_row column_structure=\u00a0\u00bb1_3,2_3&Prime; _builder_version=\u00a0\u00bb4.27.4&Prime; _module_preset=\u00a0\u00bbdefault\u00a0\u00bb global_colors_info=\u00a0\u00bb{}\u00a0\u00bb][et_pb_column type=\u00a0\u00bb1_3&Prime; _builder_version=\u00a0\u00bb4.27.4&Prime; _module_preset=\u00a0\u00bbdefault\u00a0\u00bb global_colors_info=\u00a0\u00bb{}\u00a0\u00bb][et_pb_text _builder_version=\u00a0\u00bb4.27.4&Prime; _module_preset=\u00a0\u00bbdefault\u00a0\u00bb global_colors_info=\u00a0\u00bb{}\u00a0\u00bb]<\/p>\n<h3 style=\"text-align: center;\"><strong>ALPHAWAX AUTO<\/strong><\/h3>\n<p>[\/et_pb_text][et_pb_image src=\u00a0\u00bbhttps:\/\/alphawax.ca\/wp-content\/uploads\/2025\/03\/Alpha-multi-surface.png\u00a0\u00bb title_text=\u00a0\u00bbAlpha multi surface\u00a0\u00bb _builder_version=\u00a0\u00bb4.27.4&Prime; _module_preset=\u00a0\u00bbdefault\u00a0\u00bb global_colors_info=\u00a0\u00bb{}\u00a0\u00bb][\/et_pb_image][\/et_pb_column][et_pb_column type=\u00a0\u00bb2_3&Prime; _builder_version=\u00a0\u00bb4.27.4&Prime; _module_preset=\u00a0\u00bbdefault\u00a0\u00bb global_colors_info=\u00a0\u00bb{}\u00a0\u00bb][et_pb_text _builder_version=\u00a0\u00bb4.27.4&Prime; _module_preset=\u00a0\u00bbdefault\u00a0\u00bb text_font_size=\u00a0\u00bb18px\u00a0\u00bb hover_enabled=\u00a0\u00bb0&Prime; global_colors_info=\u00a0\u00bb{}\u00a0\u00bb sticky_enabled=\u00a0\u00bb0&Prime;]<\/p>\n<p class=\"p1\" style=\"text-align: left;\"><strong>Pour<\/strong><\/p>\n<p style=\"text-align: left;\">Auto, moto, chrome, v\u00e9hicule r\u00e9cr\u00e9atif, vitre,<br \/>miroir, plexiglass, lexan, acrylique, vinyle, mica, PVC,<br \/>plastique, stainless et toutes surfaces dures.<\/p>\n<p class=\"p1\" style=\"text-align: left;\"><strong><span class=\"s1\">Mode d\u2019emploi :<\/span><\/strong><\/p>\n<p>\u2022 Bien agiter la bouteille avant l\u2019utilisation<br \/>\u2022 Apr\u00e8s avoir lav\u00e9 la surface avant et s\u00e9ch\u00e9e<br \/>\u2022 Vaporisez une brume par petite surface 6pi\u00b2<br \/>\u2022 Avec un linge propre, humide \u00e0 l\u2019eau<br \/>\u2022 \u00c9tendre la cire uniform\u00e9ment de gauche \u00e0 droite et de haut en bas<br \/>\u2022 Sans attendre<br \/>\u2022 Avec un 2\u00e8me linge propre et s\u00e8che, essuyer et polir la cire<br \/>\u2022 Nous recommandons d\u2019utiliser un 3\u00e8me linge propre et sec pour finir jusqu\u2019\u00e0 l\u2019obtention d\u2019une surface claire brillante et glissante<\/p>\n<p>Vous pouvez cirer 3x ann\u00e9e ou au changement de saison<\/p>\n<p class=\"p5\" style=\"text-align: left;\"><strong><span class=\"s1\">Trucs \/ Astuces :<\/span><\/strong><\/p>\n<p class=\"p2\" style=\"text-align: left;\">Entre les cirages<br \/>\u2022 Rincez la surface sale \u00e0 l\u2019eau claire<br \/>\u2022 Mettez 2 bouchons de cire ALPHAWAX dans votre sceau d\u2019eau, l\u2019emplir d\u2019eau<br \/>\u2022 Lavez la surface du haut vers la bas<br \/>\u2022 Essuyez avec une linge propre et sec<br \/>\u2022 Finir d\u2019essuyer avec un 2\u00e8me linge propre et sec jusqu\u2019\u00e0 l\u2019obtention de la surface claire brillante et glissante \u00e0 nouveau<br \/>\u2022 Cela va maintenir le niveau de cire sur la surface au maximum<\/p>\n<p class=\"p1\" style=\"text-align: left;\"><strong><span class=\"s1\">Trucs et astuces<\/span>:<\/strong><\/p>\n<p>Entre les polissages<br \/>\u2022 Rincez la surface sale \u00e0 l&rsquo;eau claire<br \/>\u2022 Mettez 2 bouchons de cire ALPHAWAX dans votre seau d&rsquo;eau, remplissez-le d&rsquo;eau<br \/>\u2022 Lavez la surface de haut en bas<br \/>\u2022 Essuyez avec un chiffon propre et sec<br \/>\u2022 Terminez l&rsquo;essuyage avec un 2\u00e8me chiffon propre et sec jusqu&rsquo;\u00e0 ce que la surface claire soit \u00e0 nouveau brillante et glissante<br \/>\u2022 Cela permettra de maintenir le niveau de cire sur la surface \u00e0 un maximum<\/p>\n<p class=\"p1\" style=\"text-align: left;\"><strong><span class=\"s1\">N. B. : <\/span><\/strong><\/p>\n<p class=\"p2\" style=\"text-align: left;\">\u2022 Ne lavez et ne s\u00e9chez jamais vos v\u00eatements avec de l&rsquo;assouplissant<br \/>\u2022 Ni dans la machine \u00e0 laver ni dans le s\u00e8che-linge car cela rendrait les v\u00eatements gras et favoriserait les traces<br \/>\u2022 S\u00e9chez toujours les v\u00eatements dans le s\u00e8che-linge, jamais sur un fil \u00e0 linge car cela rendrait les v\u00eatements r\u00eaches et moins absorbants<\/p>\n<p class=\"p1\" style=\"text-align: left;\"><strong><span class=\"s1\">Avantage ALPHAWAX<\/span>:<\/strong><\/p>\n<p>\u2022 Facile Rapide Efficace Durable \u00c9cologique<br \/>\u2022 Facilite l&rsquo;entretien<br \/>\u2022 Embellit les surfaces<br \/>\u2022 Devient clair, brillant, glissant<br \/>\u2022 Cire \u00e0 base d&rsquo;eau et de polym\u00e8re<br \/>\u2022 Sans produits nocifs, corrosifs, toxiques<\/p>\n<p><em>Depuis 1995<\/em><br \/><em>Invent\u00e9, fabriqu\u00e9, Qu\u00e9bec, Canada<\/em><\/p>\n<p>[\/et_pb_text][\/et_pb_column][\/et_pb_row][\/et_pb_section]<\/p>\n","protected":false},"excerpt":{"rendered":"<p>ALPHAWAX AUTOPour Auto, moto, chrome, v\u00e9hicule r\u00e9cr\u00e9atif, vitre,miroir, plexiglass, lexan, acrylique, vinyle, mica, PVC,plastique, stainless et toutes surfaces dures. Mode d\u2019emploi : \u2022 Bien agiter la bouteille avant l\u2019utilisation\u2022 Apr\u00e8s avoir lav\u00e9 la surface avant et s\u00e9ch\u00e9e\u2022 Vaporisez une brume par petite surface 6pi\u00b2\u2022 Avec un linge propre, humide \u00e0 l\u2019eau\u2022 \u00c9tendre la cire uniform\u00e9ment [&hellip;]<\/p>\n","protected":false},"author":3454,"featured_media":0,"parent":0,"menu_order":0,"comment_status":"closed","ping_status":"closed","template":"","meta":{"_et_pb_use_builder":"on","_et_pb_old_content":"","_et_gb_content_width":"","footnotes":""},"class_list":["post-717","page","type-page","status-publish","hentry"],"_links":{"self":[{"href":"https:\/\/alphawax.ca\/fr\/wp-json\/wp\/v2\/pages\/717","targetHints":{"allow":["GET"]}}],"collection":[{"href":"https:\/\/alphawax.ca\/fr\/wp-json\/wp\/v2\/pages"}],"about":[{"href":"https:\/\/alphawax.ca\/fr\/wp-json\/wp\/v2\/types\/page"}],"author":[{"embeddable":true,"href":"https:\/\/alphawax.ca\/fr\/wp-json\/wp\/v2\/users\/3454"}],"replies":[{"embeddable":true,"href":"https:\/\/alphawax.ca\/fr\/wp-json\/wp\/v2\/comments?post=717"}],"version-history":[{"count":7,"href":"https:\/\/alphawax.ca\/fr\/wp-json\/wp\/v2\/pages\/717\/revisions"}],"predecessor-version":[{"id":789,"href":"https:\/\/alphawax.ca\/fr\/wp-json\/wp\/v2\/pages\/717\/revisions\/789"}],"wp:attachment":[{"href":"https:\/\/alphawax.ca\/fr\/wp-json\/wp\/v2\/media?parent=717"}],"curies":[{"name":"wp","href":"https:\/\/api.w.org\/{rel}","templated":true}]}}