{"id":757,"date":"2025-03-09T16:44:00","date_gmt":"2025-03-09T20:44:00","guid":{"rendered":"https:\/\/alphawax.ca\/alphawax-multi-surfaces\/"},"modified":"2025-03-10T14:48:47","modified_gmt":"2025-03-10T18:48:47","slug":"alphawax-multi-surfaces","status":"publish","type":"page","link":"https:\/\/alphawax.ca\/fr\/alphawax-multi-surfaces\/","title":{"rendered":"ALPHAWAX MULTI-SURFACES"},"content":{"rendered":"<p>[et_pb_section fb_built=\u00a0\u00bb1&Prime; _builder_version=\u00a0\u00bb4.27.4&Prime; _module_preset=\u00a0\u00bbdefault\u00a0\u00bb global_colors_info=\u00a0\u00bb{}\u00a0\u00bb][et_pb_row column_structure=\u00a0\u00bb1_3,2_3&Prime; _builder_version=\u00a0\u00bb4.27.4&Prime; _module_preset=\u00a0\u00bbdefault\u00a0\u00bb global_colors_info=\u00a0\u00bb{}\u00a0\u00bb][et_pb_column type=\u00a0\u00bb1_3&Prime; _builder_version=\u00a0\u00bb4.27.4&Prime; _module_preset=\u00a0\u00bbdefault\u00a0\u00bb global_colors_info=\u00a0\u00bb{}\u00a0\u00bb][et_pb_text _builder_version=\u00a0\u00bb4.27.4&Prime; _module_preset=\u00a0\u00bbdefault\u00a0\u00bb global_colors_info=\u00a0\u00bb{}\u00a0\u00bb]<\/p>\n<h3 style=\"text-align: center;\">ALPHAWAX MULTI-SURFACES<\/h3>\n<p>[\/et_pb_text][et_pb_image src=\u00a0\u00bbhttps:\/\/alphawax.ca\/wp-content\/uploads\/2025\/03\/Alpha-spay-n-wax.png\u00a0\u00bb title_text=\u00a0\u00bbAlpha spay n wax\u00a0\u00bb _builder_version=\u00a0\u00bb4.27.4&Prime; _module_preset=\u00a0\u00bbdefault\u00a0\u00bb global_colors_info=\u00a0\u00bb{}\u00a0\u00bb][\/et_pb_image][\/et_pb_column][et_pb_column type=\u00a0\u00bb2_3&Prime; _builder_version=\u00a0\u00bb4.27.4&Prime; _module_preset=\u00a0\u00bbdefault\u00a0\u00bb global_colors_info=\u00a0\u00bb{}\u00a0\u00bb][et_pb_text _builder_version=\u00a0\u00bb4.27.4&Prime; _module_preset=\u00a0\u00bbdefault\u00a0\u00bb text_font_size=\u00a0\u00bb18px\u00a0\u00bb global_colors_info=\u00a0\u00bb{}\u00a0\u00bb]<\/p>\n<p class=\"p1\"><strong>Pour\u00a0:<\/strong><br \/>Vitre, miroir, chrome, mica, \u00e9mail, plastique,<br \/>plexiglass, lexan, porcelaine, bois vernis,<br \/>laqu\u00e9, stratifi\u00e9, m\u00e9lamine, PVC<br \/>thermoplastique, acrylique ou toutes surfaces dures<\/p>\n<p class=\"p1\"><strong>\u00c9vitez\u00a0:<\/strong><br \/>Bois naturel, papier, carton, tissu ou<br \/>autres surfaces absorbantes ne fonctionnent pas<span class=\"Apple-converted-space\">\u00a0 \u00a0<\/span><\/p>\n<p class=\"p1\"><strong>Mode d\u2019emploi\u00a0:<\/strong><br \/>\u2022 Nettoyez les surfaces avant afin d\u2019\u00e9liminer la salet\u00e9 la poussi\u00e8re le gras<br \/>\u2022 Bien agiter la bouteille avant l\u2019utilisation<br \/>\u2022 Apr\u00e8s avoir lav\u00e9 la surface avant et s\u00e9ch\u00e9e<br \/>\u2022 Vaporisez une brume par petite surface 6pi\u00b2<br \/>\u2022 Avec un linge propre, humide \u00e0 l\u2019eau<br \/>\u2022 \u00c9tendre la cire uniform\u00e9ment de gauche \u00e0 droite et de haut en bas<br \/>\u2022 Sans attendre<br \/>\u2022 Avec un 2\u00e9me linge propre et s\u00e8che, essuyer et polir la cire<br \/>\u2022 Nous recommandons d\u2019utiliser un 3\u00e9me linge propre et s\u00e8che pour finir jusqu\u2019\u00e0 l\u2019obtention d\u2019une surface claire, brillante et glissante<\/p>\n<p class=\"p1\">Vous pouvez cirer 3x ann\u00e9e ou au changement de saison<br \/>Pour les vitres ext\u00e9rieures 2x ann\u00e9e<\/p>\n<p class=\"p1\"><strong>Trucs \/ Astuces\u00a0:<\/strong><br \/>Entre les cirages<\/p>\n<p class=\"p1\">\u2022 Rincez la surface sale \u00e0 l\u2019eau claire<br \/>\u2022 Mettez 2 bouchons de cire ALPHAWAX dans votre seau d\u2019eau, l\u2019emplir d\u2019eau<br \/>\u2022 Lavez la surface du haut vers la bas<br \/>\u2022 Essuyez avec un linge propre et sec<br \/>\u2022 Finir d\u2019essuyer avec un 2\u00e9me linge propre et sec jusqu\u2019\u00e0 l\u2019obtention de la surface claire<\/p>\n<p class=\"p1\">brillante et glissante \u00e0 nouveau<br \/>Cela va maintenir le niveau de cire sur la surface au maximum<\/p>\n<p class=\"p1\"><strong>Trucs \/ Astuces linge\u00a0:\u00a0<\/strong><br \/>\u2022 Lavez vos linges neufs avant de les utiliser<\/p>\n<p class=\"p1\">\u2022 Lavez vos linges dans la laveuse et s\u00e9cher dans la s\u00e9cheuse toujours,<span class=\"Apple-converted-space\">\u00a0 <\/span>cela va assurer un bon fonctionnement avec les linges<\/p>\n<p class=\"p1\">\u2022 Utilisez des linges en ratine ou en micro fibre<\/p>\n<p class=\"p1\">N. B.\u00a0:<\/p>\n<p class=\"p1\">\u2022 Ne jamais laver et s\u00e9cher vos linges avec de l\u2019assouplisseur \u00e0 tissu<br \/>\u2022 Ni dans la laveuse ni dans la s\u00e9cheuse, car cela rendra les linges gras et favorisera le bariolage<br \/>\u2022 Toujours faire s\u00e9cher les linges<span class=\"Apple-converted-space\">\u00a0 <\/span>\u00e0 la s\u00e9cheuse, jamais sur une corde \u00e0 linges car cela va rendre les linges rudes et moins absorbants<\/p>\n<p class=\"p1\">Avantage ALPHAWAX\u00a0:<\/p>\n<p class=\"p1\">\u2022 Facile, rapide, efficace, durable, \u00e9cologique<br \/>\u2022 Facilite l\u2019entretien<br \/>\u2022 Embellis les surfaces<br \/>\u2022 Devient claire, brillante, glissante<br \/>\u2022 Cire \u00e0 base d\u2019eau et polym\u00e8re<br \/>\u2022 Aucun produit nocif, corrosif, toxique<\/p>\n<p class=\"p1\"><em>Depuis 1995<\/em><br \/><em>Invent\u00e9, fabriqu\u00e9, Qu\u00e9bec, Canada<\/em><\/p>\n<p>[\/et_pb_text][\/et_pb_column][\/et_pb_row][\/et_pb_section]<\/p>\n","protected":false},"excerpt":{"rendered":"<p>ALPHAWAX MULTI-SURFACESPour\u00a0:Vitre, miroir, chrome, mica, \u00e9mail, plastique,plexiglass, lexan, porcelaine, bois vernis,laqu\u00e9, stratifi\u00e9, m\u00e9lamine, PVCthermoplastique, acrylique ou toutes surfaces dures \u00c9vitez\u00a0:Bois naturel, papier, carton, tissu ouautres surfaces absorbantes ne fonctionnent pas\u00a0 \u00a0 Mode d\u2019emploi\u00a0:\u2022 Nettoyez les surfaces avant afin d\u2019\u00e9liminer la salet\u00e9 la poussi\u00e8re le gras\u2022 Bien agiter la bouteille avant l\u2019utilisation\u2022 Apr\u00e8s avoir lav\u00e9 la [&hellip;]<\/p>\n","protected":false},"author":3454,"featured_media":0,"parent":0,"menu_order":0,"comment_status":"closed","ping_status":"closed","template":"","meta":{"_et_pb_use_builder":"on","_et_pb_old_content":"","_et_gb_content_width":"","footnotes":""},"class_list":["post-757","page","type-page","status-publish","hentry"],"_links":{"self":[{"href":"https:\/\/alphawax.ca\/fr\/wp-json\/wp\/v2\/pages\/757","targetHints":{"allow":["GET"]}}],"collection":[{"href":"https:\/\/alphawax.ca\/fr\/wp-json\/wp\/v2\/pages"}],"about":[{"href":"https:\/\/alphawax.ca\/fr\/wp-json\/wp\/v2\/types\/page"}],"author":[{"embeddable":true,"href":"https:\/\/alphawax.ca\/fr\/wp-json\/wp\/v2\/users\/3454"}],"replies":[{"embeddable":true,"href":"https:\/\/alphawax.ca\/fr\/wp-json\/wp\/v2\/comments?post=757"}],"version-history":[{"count":5,"href":"https:\/\/alphawax.ca\/fr\/wp-json\/wp\/v2\/pages\/757\/revisions"}],"predecessor-version":[{"id":790,"href":"https:\/\/alphawax.ca\/fr\/wp-json\/wp\/v2\/pages\/757\/revisions\/790"}],"wp:attachment":[{"href":"https:\/\/alphawax.ca\/fr\/wp-json\/wp\/v2\/media?parent=757"}],"curies":[{"name":"wp","href":"https:\/\/api.w.org\/{rel}","templated":true}]}}