{"id":768,"date":"2025-03-09T16:43:22","date_gmt":"2025-03-09T20:43:22","guid":{"rendered":"https:\/\/alphawax.ca\/alphawax-protecteur\/"},"modified":"2025-03-09T19:47:55","modified_gmt":"2025-03-09T23:47:55","slug":"alphawax-protecteur","status":"publish","type":"page","link":"https:\/\/alphawax.ca\/fr\/alphawax-protecteur\/","title":{"rendered":"ALPHAWAX PROTECTEUR"},"content":{"rendered":"<p>[et_pb_section fb_built=\u00a0\u00bb1&Prime; _builder_version=\u00a0\u00bb4.27.4&Prime; _module_preset=\u00a0\u00bbdefault\u00a0\u00bb global_colors_info=\u00a0\u00bb{}\u00a0\u00bb][et_pb_row column_structure=\u00a0\u00bb1_3,2_3&Prime; _builder_version=\u00a0\u00bb4.27.4&Prime; _module_preset=\u00a0\u00bbdefault\u00a0\u00bb global_colors_info=\u00a0\u00bb{}\u00a0\u00bb][et_pb_column type=\u00a0\u00bb1_3&Prime; _builder_version=\u00a0\u00bb4.27.4&Prime; _module_preset=\u00a0\u00bbdefault\u00a0\u00bb global_colors_info=\u00a0\u00bb{}\u00a0\u00bb][et_pb_text _builder_version=\u00a0\u00bb4.27.4&Prime; _module_preset=\u00a0\u00bbdefault\u00a0\u00bb global_colors_info=\u00a0\u00bb{}\u00a0\u00bb]<\/p>\n<h3 style=\"text-align: center;\">ALPHAWAX PROTECTEUR<\/h3>\n<p>[\/et_pb_text][et_pb_image src=\u00a0\u00bbhttps:\/\/alphawax.ca\/wp-content\/uploads\/2025\/03\/Alpha-protecteur.png\u00a0\u00bb title_text=\u00a0\u00bbAlpha protecteur\u00a0\u00bb _builder_version=\u00a0\u00bb4.27.4&Prime; _module_preset=\u00a0\u00bbdefault\u00a0\u00bb global_colors_info=\u00a0\u00bb{}\u00a0\u00bb][\/et_pb_image][\/et_pb_column][et_pb_column type=\u00a0\u00bb2_3&Prime; _builder_version=\u00a0\u00bb4.27.4&Prime; _module_preset=\u00a0\u00bbdefault\u00a0\u00bb global_colors_info=\u00a0\u00bb{}\u00a0\u00bb][et_pb_text _builder_version=\u00a0\u00bb4.27.4&Prime; _module_preset=\u00a0\u00bbdefault\u00a0\u00bb text_font_size=\u00a0\u00bb18px\u00a0\u00bb hover_enabled=\u00a0\u00bb0&Prime; global_colors_info=\u00a0\u00bb{}\u00a0\u00bb sticky_enabled=\u00a0\u00bb0&Prime;]<\/p>\n<p><strong>Pour :<\/strong><br \/>Pneu, jante, roue, chrome, magn\u00e9sium,<br \/>moulage plastique, vinyle, cuir, similicuir<\/p>\n<p><strong>Mode d&#8217;emploi :<\/strong><br \/>\u2022Laver soigneusement les surfaces avant<br \/>\u2022 Vaporiser sur la surface ou sur un chiffon propre, passer sur les surfaces \u00e0 traiter<br \/>\u2022 Vaporiser sur pneu et jante<br \/>\u2022 Attendre 5 \u00e0 30 min<br \/>\u2022 Essuyer avec un chiffon propre<br \/>\u2022 R\u00e9p\u00e9ter si n\u00e9cessaire<\/p>\n<p><strong>Nettoyer le toit en vinyle :<\/strong><br \/>\u2022 Vaporiser une brume sur tout le toit<br \/>\u2022 \u00c9taler uniform\u00e9ment avec un chiffon<br \/>\u2022 Attendre jusqu&rsquo;\u00e0 1 heure<br \/>\u2022 Essuyer pour enlever l&rsquo;exc\u00e8s de cire<br \/>\u2022 Utiliser la cire auto ALPHAWAX (polym\u00e8re), vaporiser une brume sur tout le toit<br \/>\u2022 Sans attendre<br \/>\u2022 Utiliser un chiffon propre et sec, essuyer sur tout le toit<br \/>\u2022 Utiliser un 2\u00e8me chiffon propre et sec<br \/>\u2022 Faire briller et polir jusqu&rsquo;\u00e0 ce que la surface soit claire, brillante, glissante et flexible<\/p>\n<p>La cire auto ALPHAWAX, prot\u00e9gera, rendra la surface hydrophobe, flexible et prot\u00e9gera le traitement de toit en vinyle en dessous<\/p>\n<p><strong>\u00c9viter :<\/strong><br \/>\u2022 Toit en velours, synth\u00e9tique, tissu<br \/>\u2022 Tester d&rsquo;abord sur une petite surface cach\u00e9e pour tester le bon r\u00e9sultat<\/p>\n<p><strong>Attention :<\/strong><br \/>\u2022 Contient du silicone, peut contaminer l&rsquo;air dans une salle de peinture<br \/>\u2022 peut rendre les sols tr\u00e8s glissants<\/p>\n<p><em>Depuis 1995<\/em><br \/><em>Invent\u00e9, fabriqu\u00e9, Qu\u00e9bec, Canada<\/em><\/p>\n<p>[\/et_pb_text][\/et_pb_column][\/et_pb_row][\/et_pb_section]<\/p>\n","protected":false},"excerpt":{"rendered":"<p>ALPHAWAX PROTECTEURPour :Pneu, jante, roue, chrome, magn\u00e9sium,moulage plastique, vinyle, cuir, similicuir Mode d&#8217;emploi :\u2022Laver soigneusement les surfaces avant\u2022 Vaporiser sur la surface ou sur un chiffon propre, passer sur les surfaces \u00e0 traiter\u2022 Vaporiser sur pneu et jante\u2022 Attendre 5 \u00e0 30 min\u2022 Essuyer avec un chiffon propre\u2022 R\u00e9p\u00e9ter si n\u00e9cessaire Nettoyer le toit en [&hellip;]<\/p>\n","protected":false},"author":3454,"featured_media":0,"parent":0,"menu_order":0,"comment_status":"closed","ping_status":"closed","template":"","meta":{"_et_pb_use_builder":"on","_et_pb_old_content":"","_et_gb_content_width":"","footnotes":""},"class_list":["post-768","page","type-page","status-publish","hentry"],"_links":{"self":[{"href":"https:\/\/alphawax.ca\/fr\/wp-json\/wp\/v2\/pages\/768","targetHints":{"allow":["GET"]}}],"collection":[{"href":"https:\/\/alphawax.ca\/fr\/wp-json\/wp\/v2\/pages"}],"about":[{"href":"https:\/\/alphawax.ca\/fr\/wp-json\/wp\/v2\/types\/page"}],"author":[{"embeddable":true,"href":"https:\/\/alphawax.ca\/fr\/wp-json\/wp\/v2\/users\/3454"}],"replies":[{"embeddable":true,"href":"https:\/\/alphawax.ca\/fr\/wp-json\/wp\/v2\/comments?post=768"}],"version-history":[{"count":3,"href":"https:\/\/alphawax.ca\/fr\/wp-json\/wp\/v2\/pages\/768\/revisions"}],"predecessor-version":[{"id":774,"href":"https:\/\/alphawax.ca\/fr\/wp-json\/wp\/v2\/pages\/768\/revisions\/774"}],"wp:attachment":[{"href":"https:\/\/alphawax.ca\/fr\/wp-json\/wp\/v2\/media?parent=768"}],"curies":[{"name":"wp","href":"https:\/\/api.w.org\/{rel}","templated":true}]}}