{"id":865,"date":"2025-03-11T13:58:11","date_gmt":"2025-03-11T17:58:11","guid":{"rendered":"https:\/\/alphawax.ca\/temoignages\/"},"modified":"2025-03-20T16:36:07","modified_gmt":"2025-03-20T20:36:07","slug":"temoignages","status":"publish","type":"page","link":"https:\/\/alphawax.ca\/fr\/temoignages\/","title":{"rendered":"T\u00e9moignages"},"content":{"rendered":"<p>[et_pb_section fb_built=\u00a0\u00bb1&Prime; _builder_version=\u00a0\u00bb4.27.4&Prime; _module_preset=\u00a0\u00bbdefault\u00a0\u00bb global_colors_info=\u00a0\u00bb{}\u00a0\u00bb][et_pb_row _builder_version=\u00a0\u00bb4.27.4&Prime; _module_preset=\u00a0\u00bbdefault\u00a0\u00bb global_colors_info=\u00a0\u00bb{}\u00a0\u00bb][et_pb_column type=\u00a0\u00bb4_4&Prime; _builder_version=\u00a0\u00bb4.27.4&Prime; _module_preset=\u00a0\u00bbdefault\u00a0\u00bb global_colors_info=\u00a0\u00bb{}\u00a0\u00bb][et_pb_blurb title=\u00a0\u00bbCIR\u00c9 SIMPLEMENT\u00a0\u00bb image=\u00a0\u00bbhttps:\/\/alphawax.ca\/wp-content\/uploads\/2025\/03\/Caravaning.png\u00a0\u00bb content_max_width=\u00a0\u00bb795px\u00a0\u00bb _builder_version=\u00a0\u00bb4.27.4&Prime; _module_preset=\u00a0\u00bbdefault\u00a0\u00bb header_text_align=\u00a0\u00bbcenter\u00a0\u00bb global_colors_info=\u00a0\u00bb{}\u00a0\u00bb]<\/p>\n<h4 class=\"p1\" style=\"text-align: center;\"><em>Article pass\u00e9 dans la revue de la FQCC f\u00e9d\u00e9ration camping caravaving du Qu\u00e9bec<\/em><br \/><em>Ce qu\u2019en pense la fqcc mai 2009<\/em><\/h4>\n<p>La venue du printemps met souvent en \u00e9vidence la n\u00e9cessit\u00e9 de nettoyer son VR, son auto, sa moto, etc. Cette fi\u00e8vre, toute passa-g\u00e8re, r\u00e9siste rarement \u00e0 la corv\u00e9e du nettoyage, \u00e0 moins que celle-ci ne s\u2019effectue sans effort. La cire liquide Spray\u2019N Wax, fabriqu\u00e9e depuis pr\u00e8s d\u2019une quinzaine d\u2019ann\u00e9e au Qu\u00e9bec par l\u2019entreprise<\/p>\n<p>Alphawax\u2122, peut vous simplifier la t\u00e2che.<\/p>\n<p>En plus d\u2019\u00eatre une cire efficace, la Spray\u2019N Wax ne contient aucun phosphate pouvant endommager le fini de votre pr\u00e9cieux v\u00e9hicule ou nuire \u00e0 l\u2019environnement. Son application est on ne peut plus simple et se fait en une seule op\u00e9ration. Apr\u00e8s avoir vaporis\u00e9 un peu du produit sur la surface \u00e0 nettoyer, il faut l\u2019\u00e9tendre uniform\u00e9ment avec un chiffon de ratine humide avant qu\u2019il ne s\u00e8che.<\/p>\n<p>Le fabricant insiste d\u2019ailleurs beaucoup sur la n\u00e9cessit\u00e9 d\u2019utiliser un tissu de ratine pour assurer un r\u00e9sultat optimal. Ceci fait, avec un second chiffon sec, on essuie la surface. Un troisi\u00e8me chiffon sec permet alors de polir l\u00e9g\u00e8rement et de lustrer la peinture. Au total, ces trois op\u00e9rations prennent environ 40 secondes \u00e0 r\u00e9aliser. Dernier point, mais \u00f4 combien important : pour que les chiffons conservent leur efficacit\u00e9, il est essentiel de ne pas ajouter d\u2019assouplissant lorsqu\u2019on les lave. PL<\/p>\n<p>[\/et_pb_blurb][et_pb_image src=\u00a0\u00bbhttps:\/\/alphawax.ca\/wp-content\/uploads\/2025\/03\/Article-scaled.jpg\u00a0\u00bb title_text=\u00a0\u00bbArticle\u00a0\u00bb _builder_version=\u00a0\u00bb4.27.4&Prime; _module_preset=\u00a0\u00bbdefault\u00a0\u00bb global_colors_info=\u00a0\u00bb{}\u00a0\u00bb][\/et_pb_image][\/et_pb_column][\/et_pb_row][\/et_pb_section]<\/p>\n","protected":false},"excerpt":{"rendered":"<p>Article pass\u00e9 dans la revue de la FQCC f\u00e9d\u00e9ration camping caravaving du Qu\u00e9becCe qu\u2019en pense la fqcc mai 2009 La venue du printemps met souvent en \u00e9vidence la n\u00e9cessit\u00e9 de nettoyer son VR, son auto, sa moto, etc. Cette fi\u00e8vre, toute passa-g\u00e8re, r\u00e9siste rarement \u00e0 la corv\u00e9e du nettoyage, \u00e0 moins que celle-ci ne s\u2019effectue [&hellip;]<\/p>\n","protected":false},"author":3454,"featured_media":0,"parent":0,"menu_order":0,"comment_status":"closed","ping_status":"closed","template":"","meta":{"_et_pb_use_builder":"on","_et_pb_old_content":"","_et_gb_content_width":"","footnotes":""},"class_list":["post-865","page","type-page","status-publish","hentry"],"_links":{"self":[{"href":"https:\/\/alphawax.ca\/fr\/wp-json\/wp\/v2\/pages\/865","targetHints":{"allow":["GET"]}}],"collection":[{"href":"https:\/\/alphawax.ca\/fr\/wp-json\/wp\/v2\/pages"}],"about":[{"href":"https:\/\/alphawax.ca\/fr\/wp-json\/wp\/v2\/types\/page"}],"author":[{"embeddable":true,"href":"https:\/\/alphawax.ca\/fr\/wp-json\/wp\/v2\/users\/3454"}],"replies":[{"embeddable":true,"href":"https:\/\/alphawax.ca\/fr\/wp-json\/wp\/v2\/comments?post=865"}],"version-history":[{"count":8,"href":"https:\/\/alphawax.ca\/fr\/wp-json\/wp\/v2\/pages\/865\/revisions"}],"predecessor-version":[{"id":989,"href":"https:\/\/alphawax.ca\/fr\/wp-json\/wp\/v2\/pages\/865\/revisions\/989"}],"wp:attachment":[{"href":"https:\/\/alphawax.ca\/fr\/wp-json\/wp\/v2\/media?parent=865"}],"curies":[{"name":"wp","href":"https:\/\/api.w.org\/{rel}","templated":true}]}}